{"id":935,"date":"2022-05-13T09:29:02","date_gmt":"2022-05-13T07:29:02","guid":{"rendered":"https:\/\/deep-oasis.com\/?page_id=935"},"modified":"2024-09-24T10:47:41","modified_gmt":"2024-09-24T08:47:41","slug":"imprint","status":"publish","type":"page","link":"https:\/\/deep-oasis.com\/en\/impressum\/","title":{"rendered":"Imprint"},"content":{"rendered":"<div data-elementor-type=\"wp-page\" data-elementor-id=\"935\" class=\"elementor elementor-935\" data-elementor-post-type=\"page\">\n\t\t\t\t\t\t<section class=\"elementor-section elementor-top-section elementor-element elementor-element-b999895 elementor-section-boxed elementor-section-height-default elementor-section-height-default\" data-id=\"b999895\" data-element_type=\"section\" data-e-type=\"section\">\n\t\t\t\t\t\t<div class=\"elementor-container elementor-column-gap-default\">\n\t\t\t\t\t<div class=\"elementor-column elementor-col-100 elementor-top-column elementor-element elementor-element-6c01fc0\" data-id=\"6c01fc0\" data-element_type=\"column\" data-e-type=\"column\">\n\t\t\t<div class=\"elementor-widget-wrap elementor-element-populated\">\n\t\t\t\t\t\t<div class=\"elementor-element elementor-element-32d2e40 elementor-widget elementor-widget-heading\" data-id=\"32d2e40\" data-element_type=\"widget\" data-e-type=\"widget\" data-widget_type=\"heading.default\">\n\t\t\t\t<div class=\"elementor-widget-container\">\n\t\t\t\t\t<p class=\"elementor-heading-title elementor-size-default\">Imprint<\/p>\t\t\t\t<\/div>\n\t\t\t\t<\/div>\n\t\t\t\t<div class=\"elementor-element elementor-element-5bbabaf elementor-widget elementor-widget-text-editor\" data-id=\"5bbabaf\" data-element_type=\"widget\" data-e-type=\"widget\" data-widget_type=\"text-editor.default\">\n\t\t\t\t<div class=\"elementor-widget-container\">\n\t\t\t\t\t\t\t\t\t<p>Information according to \u00a7 5 TMG<\/p><p><strong>DEEP Oasis GmbH<\/strong><br \/>M\u00fcller-zu-Bruck-Str. 12<br \/>83052 Bruckm\u00fchl<\/p><p><strong>Represented by<br \/><\/strong><span style=\"color: var( --e-global-color-2600c4f ); font-family: var( --e-global-typography-text-font-family ), Sans-serif; font-size: var( --e-global-typography-text-font-size ); font-style: var( --e-global-typography-text-font-style ); font-weight: var( --e-global-typography-text-font-weight ); letter-spacing: var( --e-global-typography-text-letter-spacing ); text-transform: var( --e-global-typography-text-text-transform ); text-decoration: var( --e-global-typography-text-text-decoration );\">Thomas Fahrh\u00f6fer, Managing Director<\/span><\/p><p><strong>Contact us<br \/><\/strong>T.: +49 (0)8062 7280880<\/p><p><strong>Tax data<br \/><\/strong>Commercial register: HRB 27818<br \/>Register court: Traunstein<br \/>Sales tax ID: DE325184807<br \/><br \/><strong style=\"color: inherit; font-style: var( --e-global-typography-text-font-style ); letter-spacing: var( --e-global-typography-text-letter-spacing ); text-transform: var( --e-global-typography-text-text-transform );\">Photos and graphics<br \/><\/strong><span style=\"font-size: large;\">Responsible licenses and picture agencies www.istockphoto.com<br \/><br \/><\/span><strong style=\"color: inherit; font-style: var( --e-global-typography-text-font-style ); letter-spacing: var( --e-global-typography-text-letter-spacing ); text-transform: var( --e-global-typography-text-text-transform );\">Dispute resolution<br \/><\/strong>The European Commission provides a platform for online dispute resolution (OS): https:\/\/ec.europa.eu\/consumers\/odr. You can find our e-mail address in the legal notice above. We are not willing or obliged to participate in dispute resolution proceedings before a consumer arbitration board.<br \/><br \/><strong>Liability for content<br \/><\/strong>As a service provider, we are responsible for our own content on these pages in accordance with Section 7 (1) TMG (German Telemedia Act) and general legislation. According to \u00a7\u00a7 8 to 10 TMG, however, we as a service provider are not obliged to monitor transmitted or stored third-party information or to investigate circumstances that indicate illegal activity.<br \/><br \/><span style=\"font-weight: bolder; font-style: var( --e-global-typography-text-font-style ); letter-spacing: var( --e-global-typography-text-letter-spacing ); text-transform: var( --e-global-typography-text-text-transform );\">No warning without contacting us!<br \/><\/span>It is in the interest of our company to operate the website in accordance with the statutory provisions. However, if an area contains errors, the rights of third parties are infringed, legal provisions are incompletely implemented or there are problems under competition law, we would ask you to send us a free and explanatory message with reference to Section 12 (1) UWG.<\/p><p>DEEP Oasis GmbH declares that all objectionable passages or parts of this website that do not comply with the law will be removed and\/or adapted to legal requirements in a timely manner. It is not necessary for you to involve a lawyer.<br \/>Involving a lawyer to issue a warning to the operator of the chargeable website does not correspond to its actual or presumed will and would therefore constitute a breach of Section 8 (4) UWG. The pursuit of irrelevant objectives as the driving motivation for initiating proceedings, including for a profit-driven cost intention, constitutes a breach of the duty to mitigate damages.<\/p><p><strong>Liability for links<br \/><\/strong>Our website contains links to external third-party websites over whose content we have no influence. Therefore, we cannot accept any liability for this third-party content. The respective provider or operator of the pages is always responsible for the content of the linked pages. The linked pages were checked for possible legal violations at the time of linking. Illegal content was not recognizable at the time of linking.<\/p><p>However, permanent monitoring of the content of the linked pages is not reasonable without concrete evidence of an infringement. If we become aware of any legal infringements, we will remove such links immediately.<\/p><p><strong>Copyright<br \/><\/strong>The content and works created by the site operators on these pages are subject to German copyright law. Duplication, processing, distribution and any form of commercialization of such material beyond the scope of the copyright law shall require the prior written consent of its respective author or creator. Downloads and copies of this site are only permitted for private, non-commercial use.<\/p><p>Insofar as the content on this site was not created by the operator, the copyrights of third parties are respected. In particular, third-party content is identified as such. Should you nevertheless become aware of a copyright infringement, please inform us accordingly. If we become aware of any infringements, we will remove such content immediately<\/p>\t\t\t\t\t\t\t\t<\/div>\n\t\t\t\t<\/div>\n\t\t\t\t\t<\/div>\n\t\t<\/div>\n\t\t\t\t\t<\/div>\n\t\t<\/section>\n\t\t\t\t<\/div>","protected":false},"excerpt":{"rendered":"<p>Impressum Angaben gem\u00e4\u00df \u00a7 5 TMG DEEP Oasis GmbHM\u00fcller-zu-Bruck-Str. 1283052 Bruckm\u00fchl Vertreten durchThomas Fahrh\u00f6fer, Gesch\u00e4ftsf\u00fchrer KontaktT.: +49 (0)8062 7280880 SteuerdatenHandelsregister: HRB 27818Registergericht: TraunsteinUmsatzsteuer-ID: DE325184807 Fotos und GrafikenZust\u00e4ndige Lizenzen und Bildagenturen www.istockphoto.com StreitschlichtungDie Europ\u00e4ische Kommission stellt eine Plattform zur Online-Streitbeilegung (OS) bereit: https:\/\/ec.europa.eu\/consumers\/odr. Unsere E-Mail-Adresse finden Sie oben im Impressum. Wir sind nicht bereit oder verpflichtet, [&hellip;]<\/p>\n","protected":false},"author":3,"featured_media":0,"parent":0,"menu_order":0,"comment_status":"closed","ping_status":"closed","template":"","meta":{"footnotes":""},"class_list":["post-935","page","type-page","status-publish","hentry"],"yoast_head":"<!-- This site is optimized with the Yoast SEO plugin v27.2 - https:\/\/yoast.com\/product\/yoast-seo-wordpress\/ -->\n<title>Impressum - Deep Oasis<\/title>\n<meta name=\"robots\" content=\"noindex, nofollow\" \/>\n<meta property=\"og:locale\" content=\"en_US\" \/>\n<meta property=\"og:type\" content=\"article\" \/>\n<meta property=\"og:title\" content=\"Impressum - Deep Oasis\" \/>\n<meta property=\"og:description\" content=\"Impressum Angaben gem\u00e4\u00df \u00a7 5 TMG DEEP Oasis GmbHM\u00fcller-zu-Bruck-Str. 1283052 Bruckm\u00fchl Vertreten durchThomas Fahrh\u00f6fer, Gesch\u00e4ftsf\u00fchrer KontaktT.: +49 (0)8062 7280880 SteuerdatenHandelsregister: HRB 27818Registergericht: TraunsteinUmsatzsteuer-ID: DE325184807 Fotos und GrafikenZust\u00e4ndige Lizenzen und Bildagenturen www.istockphoto.com StreitschlichtungDie Europ\u00e4ische Kommission stellt eine Plattform zur Online-Streitbeilegung (OS) bereit: https:\/\/ec.europa.eu\/consumers\/odr. Unsere E-Mail-Adresse finden Sie oben im Impressum. Wir sind nicht bereit oder verpflichtet, [&hellip;]\" \/>\n<meta property=\"og:url\" content=\"https:\/\/deep-oasis.com\/en\/imprint\/\" \/>\n<meta property=\"og:site_name\" content=\"Deep Oasis\" \/>\n<meta property=\"article:modified_time\" content=\"2024-09-24T08:47:41+00:00\" \/>\n<meta name=\"twitter:card\" content=\"summary_large_image\" \/>\n<meta name=\"twitter:label1\" content=\"Est. reading time\" \/>\n\t<meta name=\"twitter:data1\" content=\"3 minutes\" \/>\n<script type=\"application\/ld+json\" class=\"yoast-schema-graph\">{\"@context\":\"https:\/\/schema.org\",\"@graph\":[{\"@type\":\"WebPage\",\"@id\":\"https:\/\/deep-oasis.com\/impressum\/\",\"url\":\"https:\/\/deep-oasis.com\/impressum\/\",\"name\":\"Impressum - Deep Oasis\",\"isPartOf\":{\"@id\":\"https:\/\/deep-oasis.com\/#website\"},\"datePublished\":\"2022-05-13T07:29:02+00:00\",\"dateModified\":\"2024-09-24T08:47:41+00:00\",\"breadcrumb\":{\"@id\":\"https:\/\/deep-oasis.com\/impressum\/#breadcrumb\"},\"inLanguage\":\"en-US\",\"potentialAction\":[{\"@type\":\"ReadAction\",\"target\":[\"https:\/\/deep-oasis.com\/impressum\/\"]}]},{\"@type\":\"BreadcrumbList\",\"@id\":\"https:\/\/deep-oasis.com\/impressum\/#breadcrumb\",\"itemListElement\":[{\"@type\":\"ListItem\",\"position\":1,\"name\":\"Startseite\",\"item\":\"https:\/\/deep-oasis.com\/\"},{\"@type\":\"ListItem\",\"position\":2,\"name\":\"Impressum\"}]},{\"@type\":\"WebSite\",\"@id\":\"https:\/\/deep-oasis.com\/#website\",\"url\":\"https:\/\/deep-oasis.com\/\",\"name\":\"Deep Oasis\u00ae innovative Medizin- und Wellnessger\u00e4te\",\"description\":\"Feel the Difference\",\"publisher\":{\"@id\":\"https:\/\/deep-oasis.com\/#organization\"},\"potentialAction\":[{\"@type\":\"SearchAction\",\"target\":{\"@type\":\"EntryPoint\",\"urlTemplate\":\"https:\/\/deep-oasis.com\/?s={search_term_string}\"},\"query-input\":{\"@type\":\"PropertyValueSpecification\",\"valueRequired\":true,\"valueName\":\"search_term_string\"}}],\"inLanguage\":\"en-US\"},{\"@type\":\"Organization\",\"@id\":\"https:\/\/deep-oasis.com\/#organization\",\"name\":\"Deep Oasis\u00ae\",\"url\":\"https:\/\/deep-oasis.com\/\",\"logo\":{\"@type\":\"ImageObject\",\"inLanguage\":\"en-US\",\"@id\":\"https:\/\/deep-oasis.com\/#\/schema\/logo\/image\/\",\"url\":\"https:\/\/deep-oasis.com\/wp-content\/uploads\/2022\/04\/logo_deepoasis_2000x1000_TRADEMARK.png\",\"contentUrl\":\"https:\/\/deep-oasis.com\/wp-content\/uploads\/2022\/04\/logo_deepoasis_2000x1000_TRADEMARK.png\",\"width\":2000,\"height\":1000,\"caption\":\"Deep Oasis\u00ae\"},\"image\":{\"@id\":\"https:\/\/deep-oasis.com\/#\/schema\/logo\/image\/\"},\"sameAs\":[\"https:\/\/www.instagram.com\/deep_oasis_official\"]}]}<\/script>\n<!-- \/ Yoast SEO plugin. -->","yoast_head_json":{"title":"Imprint - Deep Oasis","robots":{"index":"noindex","follow":"nofollow"},"og_locale":"en_US","og_type":"article","og_title":"Impressum - Deep Oasis","og_description":"Impressum Angaben gem\u00e4\u00df \u00a7 5 TMG DEEP Oasis GmbHM\u00fcller-zu-Bruck-Str. 1283052 Bruckm\u00fchl Vertreten durchThomas Fahrh\u00f6fer, Gesch\u00e4ftsf\u00fchrer KontaktT.: +49 (0)8062 7280880 SteuerdatenHandelsregister: HRB 27818Registergericht: TraunsteinUmsatzsteuer-ID: DE325184807 Fotos und GrafikenZust\u00e4ndige Lizenzen und Bildagenturen www.istockphoto.com StreitschlichtungDie Europ\u00e4ische Kommission stellt eine Plattform zur Online-Streitbeilegung (OS) bereit: https:\/\/ec.europa.eu\/consumers\/odr. Unsere E-Mail-Adresse finden Sie oben im Impressum. Wir sind nicht bereit oder verpflichtet, [&hellip;]","og_url":"https:\/\/deep-oasis.com\/en\/imprint\/","og_site_name":"Deep Oasis","article_modified_time":"2024-09-24T08:47:41+00:00","twitter_card":"summary_large_image","twitter_misc":{"Est. reading time":"3 minutes"},"schema":{"@context":"https:\/\/schema.org","@graph":[{"@type":"WebPage","@id":"https:\/\/deep-oasis.com\/impressum\/","url":"https:\/\/deep-oasis.com\/impressum\/","name":"Imprint - Deep Oasis","isPartOf":{"@id":"https:\/\/deep-oasis.com\/#website"},"datePublished":"2022-05-13T07:29:02+00:00","dateModified":"2024-09-24T08:47:41+00:00","breadcrumb":{"@id":"https:\/\/deep-oasis.com\/impressum\/#breadcrumb"},"inLanguage":"en-US","potentialAction":[{"@type":"ReadAction","target":["https:\/\/deep-oasis.com\/impressum\/"]}]},{"@type":"BreadcrumbList","@id":"https:\/\/deep-oasis.com\/impressum\/#breadcrumb","itemListElement":[{"@type":"ListItem","position":1,"name":"Startseite","item":"https:\/\/deep-oasis.com\/"},{"@type":"ListItem","position":2,"name":"Impressum"}]},{"@type":"WebSite","@id":"https:\/\/deep-oasis.com\/#website","url":"https:\/\/deep-oasis.com\/","name":"Deep Oasis\u00ae innovative medical and wellness equipment","description":"Feel the Difference","publisher":{"@id":"https:\/\/deep-oasis.com\/#organization"},"potentialAction":[{"@type":"SearchAction","target":{"@type":"EntryPoint","urlTemplate":"https:\/\/deep-oasis.com\/?s={search_term_string}"},"query-input":{"@type":"PropertyValueSpecification","valueRequired":true,"valueName":"search_term_string"}}],"inLanguage":"en-US"},{"@type":"Organization","@id":"https:\/\/deep-oasis.com\/#organization","name":"Deep Oasis\u00ae","url":"https:\/\/deep-oasis.com\/","logo":{"@type":"ImageObject","inLanguage":"en-US","@id":"https:\/\/deep-oasis.com\/#\/schema\/logo\/image\/","url":"https:\/\/deep-oasis.com\/wp-content\/uploads\/2022\/04\/logo_deepoasis_2000x1000_TRADEMARK.png","contentUrl":"https:\/\/deep-oasis.com\/wp-content\/uploads\/2022\/04\/logo_deepoasis_2000x1000_TRADEMARK.png","width":2000,"height":1000,"caption":"Deep Oasis\u00ae"},"image":{"@id":"https:\/\/deep-oasis.com\/#\/schema\/logo\/image\/"},"sameAs":["https:\/\/www.instagram.com\/deep_oasis_official"]}]}},"_links":{"self":[{"href":"https:\/\/deep-oasis.com\/en\/wp-json\/wp\/v2\/pages\/935","targetHints":{"allow":["GET"]}}],"collection":[{"href":"https:\/\/deep-oasis.com\/en\/wp-json\/wp\/v2\/pages"}],"about":[{"href":"https:\/\/deep-oasis.com\/en\/wp-json\/wp\/v2\/types\/page"}],"author":[{"embeddable":true,"href":"https:\/\/deep-oasis.com\/en\/wp-json\/wp\/v2\/users\/3"}],"replies":[{"embeddable":true,"href":"https:\/\/deep-oasis.com\/en\/wp-json\/wp\/v2\/comments?post=935"}],"version-history":[{"count":50,"href":"https:\/\/deep-oasis.com\/en\/wp-json\/wp\/v2\/pages\/935\/revisions"}],"predecessor-version":[{"id":5718,"href":"https:\/\/deep-oasis.com\/en\/wp-json\/wp\/v2\/pages\/935\/revisions\/5718"}],"wp:attachment":[{"href":"https:\/\/deep-oasis.com\/en\/wp-json\/wp\/v2\/media?parent=935"}],"curies":[{"name":"wp","href":"https:\/\/api.w.org\/{rel}","templated":true}]}}