{"id":4232,"date":"2023-01-06T10:09:05","date_gmt":"2023-01-06T09:09:05","guid":{"rendered":"https:\/\/deep-oasis.com\/?page_id=4232"},"modified":"2024-09-24T10:36:33","modified_gmt":"2024-09-24T08:36:33","slug":"blog","status":"publish","type":"page","link":"https:\/\/deep-oasis.com\/en\/blog\/","title":{"rendered":"Magazine"},"content":{"rendered":"<div data-elementor-type=\"wp-page\" data-elementor-id=\"4232\" class=\"elementor elementor-4232\" data-elementor-post-type=\"page\">\n\t\t\t\t\t\t<section class=\"elementor-section elementor-top-section elementor-element elementor-element-a2134a8 elementor-section-boxed elementor-section-height-default elementor-section-height-default\" data-id=\"a2134a8\" data-element_type=\"section\" data-e-type=\"section\">\n\t\t\t\t\t\t<div class=\"elementor-container elementor-column-gap-default\">\n\t\t\t\t\t<div class=\"elementor-column elementor-col-66 elementor-top-column elementor-element elementor-element-603928a\" data-id=\"603928a\" data-element_type=\"column\" data-e-type=\"column\" data-settings=\"{&quot;background_background&quot;:&quot;classic&quot;}\">\n\t\t\t<div class=\"elementor-widget-wrap elementor-element-populated\">\n\t\t\t\t\t\t<div class=\"elementor-element elementor-element-91dd489 elementor-widget__width-auto elementor-widget-mobile__width-auto elementor-absolute elementor-widget elementor-widget-heading\" data-id=\"91dd489\" data-element_type=\"widget\" data-e-type=\"widget\" data-settings=\"{&quot;_position&quot;:&quot;absolute&quot;}\" data-widget_type=\"heading.default\">\n\t\t\t\t<div class=\"elementor-widget-container\">\n\t\t\t\t\t<h1 class=\"elementor-heading-title elementor-size-default\">DEEP Oasis\u00ae<br>MAGAZINE<\/h1>\t\t\t\t<\/div>\n\t\t\t\t<\/div>\n\t\t\t\t<section class=\"elementor-section elementor-inner-section elementor-element elementor-element-28eba7b elementor-section-full_width elementor-section-height-default elementor-section-height-default\" data-id=\"28eba7b\" data-element_type=\"section\" data-e-type=\"section\">\n\t\t\t\t\t\t<div class=\"elementor-container elementor-column-gap-default\">\n\t\t\t\t\t<div class=\"elementor-column elementor-col-100 elementor-inner-column elementor-element elementor-element-9bd83e9\" data-id=\"9bd83e9\" data-element_type=\"column\" data-e-type=\"column\">\n\t\t\t<div class=\"elementor-widget-wrap elementor-element-populated\">\n\t\t\t\t\t\t<div class=\"elementor-element elementor-element-3f46d2f elementor-widget-mobile__width-inherit elementor-widget elementor-widget-text-editor\" data-id=\"3f46d2f\" data-element_type=\"widget\" data-e-type=\"widget\" data-widget_type=\"text-editor.default\">\n\t\t\t\t<div class=\"elementor-widget-container\">\n\t\t\t\t\t\t\t\t\tHealth is the most important asset we have. Without health, we cannot live and enjoy anything. Therefore, in the DEEP Oasis\u00ae magazine we would like to provide you with information on the following topics <strong>Wellness<\/strong>, <strong>Regeneration<\/strong> and <strong>Medicine <\/strong>present.<br>We hope you find interesting articles and tips for your health here.\t\t\t\t\t\t\t\t<\/div>\n\t\t\t\t<\/div>\n\t\t\t\t\t<\/div>\n\t\t<\/div>\n\t\t\t\t\t<\/div>\n\t\t<\/section>\n\t\t\t\t\t<\/div>\n\t\t<\/div>\n\t\t\t\t<div class=\"elementor-column elementor-col-33 elementor-top-column elementor-element elementor-element-c321c18\" data-id=\"c321c18\" data-element_type=\"column\" data-e-type=\"column\">\n\t\t\t<div class=\"elementor-widget-wrap elementor-element-populated\">\n\t\t\t\t\t\t<div class=\"elementor-element elementor-element-6cdccc3 elementor-widget elementor-widget-image\" data-id=\"6cdccc3\" data-element_type=\"widget\" data-e-type=\"widget\" data-widget_type=\"image.default\">\n\t\t\t\t<div class=\"elementor-widget-container\">\n\t\t\t\t\t\t\t\t\t\t\t\t\t\t\t<img decoding=\"async\" src=\"https:\/\/deep-oasis.com\/wp-content\/uploads\/2022\/08\/38_Gym_AppService-Hero.jpg\" title=\"\" alt=\"\" loading=\"lazy\" \/>\t\t\t\t\t\t\t\t\t\t\t\t\t\t\t<\/div>\n\t\t\t\t<\/div>\n\t\t\t\t\t<\/div>\n\t\t<\/div>\n\t\t\t\t\t<\/div>\n\t\t<\/section>\n\t\t\t\t<section class=\"elementor-section elementor-top-section elementor-element elementor-element-2110b0e elementor-section-boxed elementor-section-height-default elementor-section-height-default\" data-id=\"2110b0e\" data-element_type=\"section\" data-e-type=\"section\" data-settings=\"{&quot;background_background&quot;:&quot;classic&quot;}\">\n\t\t\t\t\t\t<div class=\"elementor-container elementor-column-gap-default\">\n\t\t\t\t\t<div class=\"elementor-column elementor-col-100 elementor-top-column elementor-element elementor-element-10785fd\" data-id=\"10785fd\" data-element_type=\"column\" data-e-type=\"column\">\n\t\t\t<div class=\"elementor-widget-wrap elementor-element-populated\">\n\t\t\t\t\t\t<div class=\"elementor-element elementor-element-c80444f elementor-widget elementor-widget-heading\" data-id=\"c80444f\" data-element_type=\"widget\" data-e-type=\"widget\" data-widget_type=\"heading.default\">\n\t\t\t\t<div class=\"elementor-widget-container\">\n\t\t\t\t\t<h2 class=\"elementor-heading-title elementor-size-default\">Current articles<\/h2>\t\t\t\t<\/div>\n\t\t\t\t<\/div>\n\t\t\t\t\t<\/div>\n\t\t<\/div>\n\t\t\t\t\t<\/div>\n\t\t<\/section>\n\t\t\t\t<section class=\"elementor-section elementor-top-section elementor-element elementor-element-8933191 elementor-section-boxed elementor-section-height-default elementor-section-height-default\" data-id=\"8933191\" data-element_type=\"section\" data-e-type=\"section\">\n\t\t\t\t\t\t<div class=\"elementor-container elementor-column-gap-default\">\n\t\t\t\t\t<div class=\"elementor-column elementor-col-66 elementor-top-column elementor-element elementor-element-7caedbd\" data-id=\"7caedbd\" data-element_type=\"column\" data-e-type=\"column\">\n\t\t\t<div class=\"elementor-widget-wrap elementor-element-populated\">\n\t\t\t\t\t\t<div class=\"elementor-element elementor-element-f9070b2 elementor-grid-2 elementor-grid-tablet-2 elementor-grid-mobile-1 elementor-posts--thumbnail-top elementor-widget elementor-widget-posts\" data-id=\"f9070b2\" data-element_type=\"widget\" data-e-type=\"widget\" data-settings=\"{&quot;classic_columns&quot;:&quot;2&quot;,&quot;classic_columns_tablet&quot;:&quot;2&quot;,&quot;classic_columns_mobile&quot;:&quot;1&quot;,&quot;classic_row_gap&quot;:{&quot;unit&quot;:&quot;px&quot;,&quot;size&quot;:35,&quot;sizes&quot;:[]},&quot;classic_row_gap_tablet&quot;:{&quot;unit&quot;:&quot;px&quot;,&quot;size&quot;:&quot;&quot;,&quot;sizes&quot;:[]},&quot;classic_row_gap_mobile&quot;:{&quot;unit&quot;:&quot;px&quot;,&quot;size&quot;:&quot;&quot;,&quot;sizes&quot;:[]}}\" data-widget_type=\"posts.classic\">\n\t\t\t\t<div class=\"elementor-widget-container\">\n\t\t\t\t\t\t\t<div class=\"elementor-posts-container elementor-posts elementor-posts--skin-classic elementor-grid\" role=\"list\">\n\t\t\t\t<article class=\"elementor-post elementor-grid-item post-4615 post type-post status-publish format-standard has-post-thumbnail hentry category-allgemein\" role=\"listitem\">\n\t\t\t\t<a class=\"elementor-post__thumbnail__link\" href=\"https:\/\/deep-oasis.com\/en\/blog\/2023\/01\/09\/ihht-hoehentraining\/\" tabindex=\"-1\" >\n\t\t\t<div class=\"elementor-post__thumbnail\"><img decoding=\"async\" width=\"300\" height=\"140\" src=\"https:\/\/deep-oasis.com\/wp-content\/uploads\/2023\/01\/yxa-Kopie-300x140.jpg\" class=\"attachment-medium size-medium wp-image-4677\" alt=\"Man training with IHHT mask\" srcset=\"https:\/\/deep-oasis.com\/wp-content\/uploads\/2023\/01\/yxa-Kopie-300x140.jpg 300w, https:\/\/deep-oasis.com\/wp-content\/uploads\/2023\/01\/yxa-Kopie-1024x479.jpg 1024w, https:\/\/deep-oasis.com\/wp-content\/uploads\/2023\/01\/yxa-Kopie-768x359.jpg 768w, https:\/\/deep-oasis.com\/wp-content\/uploads\/2023\/01\/yxa-Kopie.jpg 1340w\" sizes=\"(max-width: 300px) 100vw, 300px\" \/><\/div>\n\t\t<\/a>\n\t\t\t\t<div class=\"elementor-post__text\">\n\t\t\t\t<h3 class=\"elementor-post__title\">\n\t\t\t<a href=\"https:\/\/deep-oasis.com\/en\/blog\/2023\/01\/09\/ihht-hoehentraining\/\" >\n\t\t\t\tIHHT cell training: a new way to cure diseases?\t\t\t<\/a>\n\t\t<\/h3>\n\t\t\t\t<div class=\"elementor-post__meta-data\">\n\t\t\t\t\t<span class=\"elementor-post-date\">\n\t\t\tJanuary 9, 2023\t\t<\/span>\n\t\t\t\t<span class=\"elementor-post-avatar\">\n\t\t\tNo Comments\t\t<\/span>\n\t\t\t\t<\/div>\n\t\t\t\t<div class=\"elementor-post__excerpt\">\n\t\t\t<p>Introduction to IHHT cell training: What is it and how can it help? A. What is IHHT cell training? Intermittent hypoxia-hyperoxia therapy (IHHT therapy, oxygen therapy, IHHT cell training or hypoxia training) is<\/p>\n\t\t<\/div>\n\t\t\n\t\t<a class=\"elementor-post__read-more\" href=\"https:\/\/deep-oasis.com\/en\/blog\/2023\/01\/09\/ihht-hoehentraining\/\" aria-label=\"Read more about IHHT cell training: A new way to cure diseases?\" tabindex=\"-1\" >\n\t\t\tRead more \"\t\t<\/a>\n\n\t\t\t\t<\/div>\n\t\t\t\t<\/article>\n\t\t\t\t<article class=\"elementor-post elementor-grid-item post-4411 post type-post status-publish format-standard has-post-thumbnail hentry category-allgemein\" role=\"listitem\">\n\t\t\t\t<a class=\"elementor-post__thumbnail__link\" href=\"https:\/\/deep-oasis.com\/en\/blog\/2023\/01\/07\/wie-die-kaeltekammer-dir-helfen-kann-stress-zu-reduzieren\/\" tabindex=\"-1\" >\n\t\t\t<div class=\"elementor-post__thumbnail\"><img decoding=\"async\" width=\"300\" height=\"140\" src=\"https:\/\/deep-oasis.com\/wp-content\/uploads\/2023\/01\/yxa-300x140.jpg\" class=\"attachment-medium size-medium wp-image-4420\" alt=\"\" srcset=\"https:\/\/deep-oasis.com\/wp-content\/uploads\/2023\/01\/yxa-300x140.jpg 300w, https:\/\/deep-oasis.com\/wp-content\/uploads\/2023\/01\/yxa-1024x479.jpg 1024w, https:\/\/deep-oasis.com\/wp-content\/uploads\/2023\/01\/yxa-768x359.jpg 768w, https:\/\/deep-oasis.com\/wp-content\/uploads\/2023\/01\/yxa.jpg 1340w\" sizes=\"(max-width: 300px) 100vw, 300px\" \/><\/div>\n\t\t<\/a>\n\t\t\t\t<div class=\"elementor-post__text\">\n\t\t\t\t<h3 class=\"elementor-post__title\">\n\t\t\t<a href=\"https:\/\/deep-oasis.com\/en\/blog\/2023\/01\/07\/wie-die-kaeltekammer-dir-helfen-kann-stress-zu-reduzieren\/\" >\n\t\t\t\tHow the cold chamber helps to reduce stress\t\t\t<\/a>\n\t\t<\/h3>\n\t\t\t\t<div class=\"elementor-post__meta-data\">\n\t\t\t\t\t<span class=\"elementor-post-date\">\n\t\t\tJanuary 7, 2023\t\t<\/span>\n\t\t\t\t<span class=\"elementor-post-avatar\">\n\t\t\tNo Comments\t\t<\/span>\n\t\t\t\t<\/div>\n\t\t\t\t<div class=\"elementor-post__excerpt\">\n\t\t\t<p>Relaxing in the cold: the cold chamber - the ultimate stress buster The medical cold chamber (cryochamber, cold cabin or cold therapy) is a therapeutic technique that has proven to be very effective.<\/p>\n\t\t<\/div>\n\t\t\n\t\t<a class=\"elementor-post__read-more\" href=\"https:\/\/deep-oasis.com\/en\/blog\/2023\/01\/07\/wie-die-kaeltekammer-dir-helfen-kann-stress-zu-reduzieren\/\" aria-label=\"Read more about How the cold chamber helps to reduce stress\" tabindex=\"-1\" >\n\t\t\tRead more \"\t\t<\/a>\n\n\t\t\t\t<\/div>\n\t\t\t\t<\/article>\n\t\t\t\t<article class=\"elementor-post elementor-grid-item post-4207 post type-post status-publish format-standard has-post-thumbnail hentry category-allgemein\" role=\"listitem\">\n\t\t\t\t<a class=\"elementor-post__thumbnail__link\" href=\"https:\/\/deep-oasis.com\/en\/blog\/2023\/01\/05\/massagesessel-bereit-fuer-den-ultimativen-luxus\/\" tabindex=\"-1\" >\n\t\t\t<div class=\"elementor-post__thumbnail\"><img decoding=\"async\" width=\"300\" height=\"140\" src=\"https:\/\/deep-oasis.com\/wp-content\/uploads\/2022\/09\/hero_start-300x140.jpg\" class=\"attachment-medium size-medium wp-image-2654\" alt=\"\" srcset=\"https:\/\/deep-oasis.com\/wp-content\/uploads\/2022\/09\/hero_start-300x140.jpg 300w, https:\/\/deep-oasis.com\/wp-content\/uploads\/2022\/09\/hero_start-1024x479.jpg 1024w, https:\/\/deep-oasis.com\/wp-content\/uploads\/2022\/09\/hero_start-768x359.jpg 768w, https:\/\/deep-oasis.com\/wp-content\/uploads\/2022\/09\/hero_start.jpg 1340w\" sizes=\"(max-width: 300px) 100vw, 300px\" \/><\/div>\n\t\t<\/a>\n\t\t\t\t<div class=\"elementor-post__text\">\n\t\t\t\t<h3 class=\"elementor-post__title\">\n\t\t\t<a href=\"https:\/\/deep-oasis.com\/en\/blog\/2023\/01\/05\/massagesessel-bereit-fuer-den-ultimativen-luxus\/\" >\n\t\t\t\tMassage chair - Ready for the ultimate luxury?\t\t\t<\/a>\n\t\t<\/h3>\n\t\t\t\t<div class=\"elementor-post__meta-data\">\n\t\t\t\t\t<span class=\"elementor-post-date\">\n\t\t\tJanuary 5, 2023\t\t<\/span>\n\t\t\t\t<span class=\"elementor-post-avatar\">\n\t\t\tNo Comments\t\t<\/span>\n\t\t\t\t<\/div>\n\t\t\t\t<div class=\"elementor-post__excerpt\">\n\t\t\t<p>Modern massage chairs for a relaxing time A massage chair is the ultimate MUSTHAVE for anyone who likes to relax and enjoy themselves. Thanks to the mechanical vibrations, this<\/p>\n\t\t<\/div>\n\t\t\n\t\t<a class=\"elementor-post__read-more\" href=\"https:\/\/deep-oasis.com\/en\/blog\/2023\/01\/05\/massagesessel-bereit-fuer-den-ultimativen-luxus\/\" aria-label=\"Read more about Massage chair - Ready for the ultimate luxury?\" tabindex=\"-1\" >\n\t\t\tRead more \"\t\t<\/a>\n\n\t\t\t\t<\/div>\n\t\t\t\t<\/article>\n\t\t\t\t<\/div>\n\t\t\n\t\t\t\t\t\t<\/div>\n\t\t\t\t<\/div>\n\t\t\t\t\t<\/div>\n\t\t<\/div>\n\t\t\t\t<div class=\"elementor-column elementor-col-33 elementor-top-column elementor-element elementor-element-122eedb\" data-id=\"122eedb\" data-element_type=\"column\" data-e-type=\"column\" data-settings=\"{&quot;background_background&quot;:&quot;classic&quot;}\">\n\t\t\t<div class=\"elementor-widget-wrap elementor-element-populated\">\n\t\t\t\t\t\t<div class=\"elementor-element elementor-element-5fb6873 elementor-widget elementor-widget-wp-widget-search\" data-id=\"5fb6873\" data-element_type=\"widget\" data-e-type=\"widget\" data-widget_type=\"wp-widget-search.default\">\n\t\t\t\t<div class=\"elementor-widget-container\">\n\t\t\t\t\t<form role=\"search\" method=\"get\" class=\"search-form\" action=\"https:\/\/deep-oasis.com\/en\/\" data-trp-original-action=\"https:\/\/deep-oasis.com\/en\/\">\n\t\t\t\t<label>\n\t\t\t\t\t<span class=\"screen-reader-text\">Search for:<\/span>\n\t\t\t\t\t<input type=\"search\" class=\"search-field\" placeholder=\"Search ...\" value=\"\" name=\"s\" \/>\n\t\t\t\t<\/label>\n\t\t\t\t<input type=\"submit\" class=\"search-submit\" value=\"Search\" \/>\n\t\t\t<input type=\"hidden\" name=\"trp-form-language\" value=\"en\"\/><\/form>\t\t\t\t<\/div>\n\t\t\t\t<\/div>\n\t\t\t\t<div class=\"elementor-element elementor-element-4f237d8 elementor-widget elementor-widget-wp-widget-categories\" data-id=\"4f237d8\" data-element_type=\"widget\" data-e-type=\"widget\" data-widget_type=\"wp-widget-categories.default\">\n\t\t\t\t<div class=\"elementor-widget-container\">\n\t\t\t\t\t<h5>Categories<\/h5>\n\t\t\t<ul>\n\t\t\t\t\t<li class=\"cat-item cat-item-1\"><a href=\"https:\/\/deep-oasis.com\/en\/blog\/category\/allgemein\/\">General<\/a>\n<\/li>\n\t\t\t<\/ul>\n\n\t\t\t\t\t\t\t<\/div>\n\t\t\t\t<\/div>\n\t\t\t\t<div class=\"elementor-element elementor-element-c6061da elementor-widget elementor-widget-wp-widget-recent-posts\" data-id=\"c6061da\" data-element_type=\"widget\" data-e-type=\"widget\" data-widget_type=\"wp-widget-recent-posts.default\">\n\t\t\t\t<div class=\"elementor-widget-container\">\n\t\t\t\t\t\n\t\t\n\t\t<h5>Recent Posts<\/h5>\n\t\t<ul>\n\t\t\t\t\t\t\t\t\t\t\t<li>\n\t\t\t\t\t<a href=\"https:\/\/deep-oasis.com\/en\/blog\/2023\/01\/09\/ihht-hoehentraining\/\">IHHT cell training: a new way to cure diseases?<\/a>\n\t\t\t\t\t\t\t\t\t<\/li>\n\t\t\t\t\t\t\t\t\t\t\t<li>\n\t\t\t\t\t<a href=\"https:\/\/deep-oasis.com\/en\/blog\/2023\/01\/07\/wie-die-kaeltekammer-dir-helfen-kann-stress-zu-reduzieren\/\">How the cold chamber helps to reduce stress<\/a>\n\t\t\t\t\t\t\t\t\t<\/li>\n\t\t\t\t\t\t\t\t\t\t\t<li>\n\t\t\t\t\t<a href=\"https:\/\/deep-oasis.com\/en\/blog\/2023\/01\/05\/massagesessel-bereit-fuer-den-ultimativen-luxus\/\">Massage chair - Ready for the ultimate luxury?<\/a>\n\t\t\t\t\t\t\t\t\t<\/li>\n\t\t\t\t\t<\/ul>\n\n\t\t\t\t\t\t<\/div>\n\t\t\t\t<\/div>\n\t\t\t\t\t<\/div>\n\t\t<\/div>\n\t\t\t\t\t<\/div>\n\t\t<\/section>\n\t\t\t\t<\/div>","protected":false},"excerpt":{"rendered":"<p>DEEP Oasis\u00aeMAGAZINE Health is the most important asset we have. Without health we cannot live and enjoy anything. That is why we would like to present you with information about wellness, regeneration and medicine in the DEEP Oasis\u00ae magazine, where we hope you will find interesting articles and tips for your health. Current articles<\/p>","protected":false},"author":3,"featured_media":0,"parent":0,"menu_order":0,"comment_status":"closed","ping_status":"closed","template":"","meta":{"footnotes":""},"class_list":["post-4232","page","type-page","status-publish","hentry"],"yoast_head":"<!-- This site is optimized with the Yoast SEO plugin v27.2 - https:\/\/yoast.com\/product\/yoast-seo-wordpress\/ -->\n<title>Das DEEP Oasis\u00ae Magazin f\u00fcr Gesundheit und Wellness<\/title>\n<meta name=\"description\" content=\"Heilung beginnt im Kopf! Erfahre mit unseren Beitr\u00e4gen \u00fcber Gesundheit und Wellness, wie du deinen K\u00f6rper und Geist in Harmonie bringen kannst.\" \/>\n<meta name=\"robots\" content=\"index, follow, max-snippet:-1, max-image-preview:large, max-video-preview:-1\" \/>\n<link rel=\"canonical\" href=\"https:\/\/deep-oasis.com\/en\/blog\/\" \/>\n<meta property=\"og:locale\" content=\"en_US\" \/>\n<meta property=\"og:type\" content=\"article\" \/>\n<meta property=\"og:title\" content=\"Das DEEP Oasis\u00ae Magazin f\u00fcr Gesundheit und Wellness\" \/>\n<meta property=\"og:description\" content=\"Heilung beginnt im Kopf! Erfahre mit unseren Beitr\u00e4gen \u00fcber Gesundheit und Wellness, wie du deinen K\u00f6rper und Geist in Harmonie bringen kannst.\" \/>\n<meta property=\"og:url\" content=\"https:\/\/deep-oasis.com\/en\/blog\/\" \/>\n<meta property=\"og:site_name\" content=\"Deep Oasis\" \/>\n<meta property=\"article:modified_time\" content=\"2024-09-24T08:36:33+00:00\" \/>\n<meta property=\"og:image\" content=\"https:\/\/deep-oasis.com\/wp-content\/uploads\/2022\/08\/38_Gym_AppService-Hero-1024x611.jpg\" \/>\n<meta name=\"twitter:card\" content=\"summary_large_image\" \/>\n<meta name=\"twitter:label1\" content=\"Est. reading time\" \/>\n\t<meta name=\"twitter:data1\" content=\"2 minutes\" \/>\n<script type=\"application\/ld+json\" class=\"yoast-schema-graph\">{\"@context\":\"https:\/\/schema.org\",\"@graph\":[{\"@type\":\"WebPage\",\"@id\":\"https:\/\/deep-oasis.com\/blog\/\",\"url\":\"https:\/\/deep-oasis.com\/blog\/\",\"name\":\"Das DEEP Oasis\u00ae Magazin f\u00fcr Gesundheit und Wellness\",\"isPartOf\":{\"@id\":\"https:\/\/deep-oasis.com\/#website\"},\"primaryImageOfPage\":{\"@id\":\"https:\/\/deep-oasis.com\/blog\/#primaryimage\"},\"image\":{\"@id\":\"https:\/\/deep-oasis.com\/blog\/#primaryimage\"},\"thumbnailUrl\":\"https:\/\/deep-oasis.com\/wp-content\/uploads\/2022\/08\/38_Gym_AppService-Hero-1024x611.jpg\",\"datePublished\":\"2023-01-06T09:09:05+00:00\",\"dateModified\":\"2024-09-24T08:36:33+00:00\",\"description\":\"Heilung beginnt im Kopf! Erfahre mit unseren Beitr\u00e4gen \u00fcber Gesundheit und Wellness, wie du deinen K\u00f6rper und Geist in Harmonie bringen kannst.\",\"breadcrumb\":{\"@id\":\"https:\/\/deep-oasis.com\/blog\/#breadcrumb\"},\"inLanguage\":\"en-US\",\"potentialAction\":[{\"@type\":\"ReadAction\",\"target\":[\"https:\/\/deep-oasis.com\/blog\/\"]}]},{\"@type\":\"ImageObject\",\"inLanguage\":\"en-US\",\"@id\":\"https:\/\/deep-oasis.com\/blog\/#primaryimage\",\"url\":\"https:\/\/deep-oasis.com\/wp-content\/uploads\/2022\/08\/38_Gym_AppService-Hero-1024x611.jpg\",\"contentUrl\":\"https:\/\/deep-oasis.com\/wp-content\/uploads\/2022\/08\/38_Gym_AppService-Hero-1024x611.jpg\"},{\"@type\":\"BreadcrumbList\",\"@id\":\"https:\/\/deep-oasis.com\/blog\/#breadcrumb\",\"itemListElement\":[{\"@type\":\"ListItem\",\"position\":1,\"name\":\"Startseite\",\"item\":\"https:\/\/deep-oasis.com\/\"},{\"@type\":\"ListItem\",\"position\":2,\"name\":\"Magazin\"}]},{\"@type\":\"WebSite\",\"@id\":\"https:\/\/deep-oasis.com\/#website\",\"url\":\"https:\/\/deep-oasis.com\/\",\"name\":\"Deep Oasis\u00ae innovative Medizin- und Wellnessger\u00e4te\",\"description\":\"Feel the Difference\",\"publisher\":{\"@id\":\"https:\/\/deep-oasis.com\/#organization\"},\"potentialAction\":[{\"@type\":\"SearchAction\",\"target\":{\"@type\":\"EntryPoint\",\"urlTemplate\":\"https:\/\/deep-oasis.com\/?s={search_term_string}\"},\"query-input\":{\"@type\":\"PropertyValueSpecification\",\"valueRequired\":true,\"valueName\":\"search_term_string\"}}],\"inLanguage\":\"en-US\"},{\"@type\":\"Organization\",\"@id\":\"https:\/\/deep-oasis.com\/#organization\",\"name\":\"Deep Oasis\u00ae\",\"url\":\"https:\/\/deep-oasis.com\/\",\"logo\":{\"@type\":\"ImageObject\",\"inLanguage\":\"en-US\",\"@id\":\"https:\/\/deep-oasis.com\/#\/schema\/logo\/image\/\",\"url\":\"https:\/\/deep-oasis.com\/wp-content\/uploads\/2022\/04\/logo_deepoasis_2000x1000_TRADEMARK.png\",\"contentUrl\":\"https:\/\/deep-oasis.com\/wp-content\/uploads\/2022\/04\/logo_deepoasis_2000x1000_TRADEMARK.png\",\"width\":2000,\"height\":1000,\"caption\":\"Deep Oasis\u00ae\"},\"image\":{\"@id\":\"https:\/\/deep-oasis.com\/#\/schema\/logo\/image\/\"},\"sameAs\":[\"https:\/\/www.instagram.com\/deep_oasis_official\"]}]}<\/script>\n<!-- \/ Yoast SEO plugin. -->","yoast_head_json":{"title":"The DEEP Oasis\u00ae magazine for health and wellness","description":"Healing begins in the mind! Find out how you can bring your body and mind into harmony with our articles on health and wellness.","robots":{"index":"index","follow":"follow","max-snippet":"max-snippet:-1","max-image-preview":"max-image-preview:large","max-video-preview":"max-video-preview:-1"},"canonical":"https:\/\/deep-oasis.com\/en\/blog\/","og_locale":"en_US","og_type":"article","og_title":"Das DEEP Oasis\u00ae Magazin f\u00fcr Gesundheit und Wellness","og_description":"Heilung beginnt im Kopf! Erfahre mit unseren Beitr\u00e4gen \u00fcber Gesundheit und Wellness, wie du deinen K\u00f6rper und Geist in Harmonie bringen kannst.","og_url":"https:\/\/deep-oasis.com\/en\/blog\/","og_site_name":"Deep Oasis","article_modified_time":"2024-09-24T08:36:33+00:00","og_image":[{"url":"https:\/\/deep-oasis.com\/wp-content\/uploads\/2022\/08\/38_Gym_AppService-Hero-1024x611.jpg","type":"","width":"","height":""}],"twitter_card":"summary_large_image","twitter_misc":{"Est. reading time":"2 minutes"},"schema":{"@context":"https:\/\/schema.org","@graph":[{"@type":"WebPage","@id":"https:\/\/deep-oasis.com\/blog\/","url":"https:\/\/deep-oasis.com\/blog\/","name":"The DEEP Oasis\u00ae magazine for health and wellness","isPartOf":{"@id":"https:\/\/deep-oasis.com\/#website"},"primaryImageOfPage":{"@id":"https:\/\/deep-oasis.com\/blog\/#primaryimage"},"image":{"@id":"https:\/\/deep-oasis.com\/blog\/#primaryimage"},"thumbnailUrl":"https:\/\/deep-oasis.com\/wp-content\/uploads\/2022\/08\/38_Gym_AppService-Hero-1024x611.jpg","datePublished":"2023-01-06T09:09:05+00:00","dateModified":"2024-09-24T08:36:33+00:00","description":"Healing begins in the mind! Find out how you can bring your body and mind into harmony with our articles on health and wellness.","breadcrumb":{"@id":"https:\/\/deep-oasis.com\/blog\/#breadcrumb"},"inLanguage":"en-US","potentialAction":[{"@type":"ReadAction","target":["https:\/\/deep-oasis.com\/blog\/"]}]},{"@type":"ImageObject","inLanguage":"en-US","@id":"https:\/\/deep-oasis.com\/blog\/#primaryimage","url":"https:\/\/deep-oasis.com\/wp-content\/uploads\/2022\/08\/38_Gym_AppService-Hero-1024x611.jpg","contentUrl":"https:\/\/deep-oasis.com\/wp-content\/uploads\/2022\/08\/38_Gym_AppService-Hero-1024x611.jpg"},{"@type":"BreadcrumbList","@id":"https:\/\/deep-oasis.com\/blog\/#breadcrumb","itemListElement":[{"@type":"ListItem","position":1,"name":"Startseite","item":"https:\/\/deep-oasis.com\/"},{"@type":"ListItem","position":2,"name":"Magazin"}]},{"@type":"WebSite","@id":"https:\/\/deep-oasis.com\/#website","url":"https:\/\/deep-oasis.com\/","name":"Deep Oasis\u00ae innovative medical and wellness equipment","description":"Feel the Difference","publisher":{"@id":"https:\/\/deep-oasis.com\/#organization"},"potentialAction":[{"@type":"SearchAction","target":{"@type":"EntryPoint","urlTemplate":"https:\/\/deep-oasis.com\/?s={search_term_string}"},"query-input":{"@type":"PropertyValueSpecification","valueRequired":true,"valueName":"search_term_string"}}],"inLanguage":"en-US"},{"@type":"Organization","@id":"https:\/\/deep-oasis.com\/#organization","name":"Deep Oasis\u00ae","url":"https:\/\/deep-oasis.com\/","logo":{"@type":"ImageObject","inLanguage":"en-US","@id":"https:\/\/deep-oasis.com\/#\/schema\/logo\/image\/","url":"https:\/\/deep-oasis.com\/wp-content\/uploads\/2022\/04\/logo_deepoasis_2000x1000_TRADEMARK.png","contentUrl":"https:\/\/deep-oasis.com\/wp-content\/uploads\/2022\/04\/logo_deepoasis_2000x1000_TRADEMARK.png","width":2000,"height":1000,"caption":"Deep Oasis\u00ae"},"image":{"@id":"https:\/\/deep-oasis.com\/#\/schema\/logo\/image\/"},"sameAs":["https:\/\/www.instagram.com\/deep_oasis_official"]}]}},"_links":{"self":[{"href":"https:\/\/deep-oasis.com\/en\/wp-json\/wp\/v2\/pages\/4232","targetHints":{"allow":["GET"]}}],"collection":[{"href":"https:\/\/deep-oasis.com\/en\/wp-json\/wp\/v2\/pages"}],"about":[{"href":"https:\/\/deep-oasis.com\/en\/wp-json\/wp\/v2\/types\/page"}],"author":[{"embeddable":true,"href":"https:\/\/deep-oasis.com\/en\/wp-json\/wp\/v2\/users\/3"}],"replies":[{"embeddable":true,"href":"https:\/\/deep-oasis.com\/en\/wp-json\/wp\/v2\/comments?post=4232"}],"version-history":[{"count":56,"href":"https:\/\/deep-oasis.com\/en\/wp-json\/wp\/v2\/pages\/4232\/revisions"}],"predecessor-version":[{"id":5699,"href":"https:\/\/deep-oasis.com\/en\/wp-json\/wp\/v2\/pages\/4232\/revisions\/5699"}],"wp:attachment":[{"href":"https:\/\/deep-oasis.com\/en\/wp-json\/wp\/v2\/media?parent=4232"}],"curies":[{"name":"wp","href":"https:\/\/api.w.org\/{rel}","templated":true}]}}